
{"id":101,"date":"2022-03-30T11:24:20","date_gmt":"2022-03-30T09:24:20","guid":{"rendered":"https:\/\/przedszkole104.edu.wroclaw.pl\/?page_id=101"},"modified":"2025-10-28T13:02:43","modified_gmt":"2025-10-28T12:02:43","slug":"rada-rodzicow","status":"publish","type":"page","link":"https:\/\/przedszkole104.edu.wroclaw.pl\/index.php\/rada-rodzicow\/","title":{"rendered":"Rada rodzic\u00f3w"},"content":{"rendered":"<div class=\"wpb-content-wrapper\"><p>[vc_row][vc_column][vc_column_text css=&#8221;&#8221;]<\/p>\n<h2 style=\"text-align: right\"><a href=\"https:\/\/przedszkole104.edu.wroclaw.pl\/wp-content\/uploads\/sites\/72\/2023\/09\/Regulamjn-RR.pdf\" target=\"_blank\" rel=\"noopener\"><span style=\"font-size: 20px\">Regulamin Rady Rodzic\u00f3w (pdf)<\/span><\/a><\/h2>\n<h2>Prezydium Rady Rodzic\u00f3w<\/h2>\n<p>PRZEWODNICZ\u0104CA: Pani Marzena Majka (Sowy)<\/p>\n<p>&nbsp;<\/p>\n<p>ZAST\u0118PCA PRZEWODNICZ\u0104CEJ: Pani Karina Wyszy\u0144ska (Zaj\u0105czki)<\/p>\n<p>SKARBNIK: Pani Aleksandra Wytrwa\u0142 ( Liski)<\/p>\n<p>SEKRETARZ: Pani\u00a0 \u00a0Agnieszka Supernat (Biedronki)<\/p>\n<p>KOMISARZ REWIZYJNY: Pani Monika Wiesz (Misis)<\/p>\n<p><strong><span style=\"font-size: 24px\">Sk\u0142ad Rady Rodzic\u00f3w:<\/span><\/strong><\/p>\n<p>ZAJ\u0104CZKI: Pani\u00a0 Karina Wyszy\u0144ska<\/p>\n<p>BIEDRONKI:Pani Agnieszka Supernat<\/p>\n<p>PSZCZ\u00d3\u0141KI: Pani Marta Jamru\u017cek<\/p>\n<p>MOTYLKI: Pani Maria Maszczyk -Czy\u017cewska<\/p>\n<p>\u017bABKI: Pani Urszula Zybek<\/p>\n<p>MISIE: Pani Monika Wisz<\/p>\n<p>JE\u017bYKI: Pani Ewelina Smolarczyk<\/p>\n<p>SOWY: Pani Marzena Majka<\/p>\n<p>\u015aWIETLIKI: Pani Ma\u0142gorzata Wegner &#8211; Kruszywska<\/p>\n<p>LISKI: Pani Aleksandra Wytrwa\u0142<\/p>\n<p style=\"text-align: center\"><span style=\"color: #0000ff\"><strong><span style=\"font-size: 24px\">Podsumowanie dzia\u0142a\u0144 Rady Rodzic\u00f3w w poprzednim roku przedszkolnym 2024\/2025<\/span><\/strong><\/span><\/p>\n<p>&#8211;<\/p>\n<div dir=\"auto\">Wynegocjowanie oferty grupowej NNW dla naszego Przedszkola<\/div>\n<div dir=\"auto\"><\/div>\n<div dir=\"auto\">&#8211; Organizacja zaj\u0119\u0107 dodatkowych: ta\u0144ce, judo, Programowanie\/robotyka<\/div>\n<div dir=\"auto\"><\/div>\n<div dir=\"auto\">&#8211; Organizacja 2 sesji fotograficznych : \u015bwi\u0105tecznej, wiosennej<\/div>\n<div dir=\"auto\"><\/div>\n<div dir=\"auto\">&#8211; Umo\u017cliwienie przekazywania 1,5% podatku dla naszego Przedszkola<\/div>\n<div dir=\"auto\"><\/div>\n<div dir=\"auto\">&#8211; Organizacja Balu Karnawa\u0142owego w tym zabawa z Klaunem Alutk\u0105<\/div>\n<div dir=\"auto\"><\/div>\n<div dir=\"auto\">&#8211; Organizacja warsztat\u00f3w zimowych i przyrodniczych<\/div>\n<div dir=\"auto\"><\/div>\n<div dir=\"auto\">&#8211; Organizacja Kiermaszu Wielkanocnego w Przedszkolu, zbi\u00f3rka na przedszkoln\u0105 tyrolke<\/div>\n<div dir=\"auto\"><\/div>\n<div dir=\"auto\">&#8211; Kupno jajeczek i naklejek na Zaj\u0105czkowe zabawy w Ogrodzie<\/div>\n<div dir=\"auto\"><\/div>\n<div dir=\"auto\">&#8211; Zakup przedmiot\u00f3w potrzebnych do organizacji atrakcji z okazji Dnia Dziecka<\/div>\n<div dir=\"auto\"><\/div>\n<div dir=\"auto\">&#8211; Pomoc przy organizacji Jubileuszu 50lecia przedszkola<\/div>\n<div dir=\"auto\"><\/div>\n<div dir=\"auto\">&#8211; Zakup baneru Jubileuszowego<\/div>\n<div dir=\"auto\"><\/div>\n<div dir=\"auto\">&#8211; Zorganizowanie animator\u00f3w na Festyn w ogrodzie przedszkolnym<\/div>\n<div dir=\"auto\"><\/div>\n<div dir=\"auto\">&#8211; Zakup le\u017cak\u00f3w na przedszkoln\u0105 pla\u017ce<\/div>\n<div dir=\"auto\"><\/div>\n<div dir=\"auto\">&#8211; Zaproszenie Alpak do przedszkola<\/div>\n<div dir=\"auto\"><\/div>\n<div dir=\"auto\">&#8211; Festyn z okazji Powitania Wakacji \u2013 dmucha\u0144ce oraz profesjonalne animacje w ogrodzie<\/div>\n<div dir=\"auto\"><\/div>\n<div dir=\"auto\">&#8211; Dofinansowanie do wydarze\u0144 grupowych wg uznania grupy<\/div>\n<div dir=\"auto\"><\/div>\n<div dir=\"auto\">&#8211; Finansowanie nagr\u00f3d w konkursach przedszkolnych<\/div>\n<p>&nbsp;<\/p>\n<p>Przewodnicz\u0105ca Rady Rodzic\u00f3w<\/p>\n<p>Marzena Majka[\/vc_column_text][\/vc_column][\/vc_row]<\/p>\n<\/div>","protected":false},"excerpt":{"rendered":"<p>[vc_row][vc_column][vc_column_text css=&#8221;&#8221;] Regulamin Rady Rodzic\u00f3w (pdf) Prezydium Rady Rodzic\u00f3w PRZEWODNICZ\u0104CA: Pani Marzena Majka (Sowy) &nbsp; ZAST\u0118PCA PRZEWODNICZ\u0104CEJ: Pani Karina Wyszy\u0144ska (Zaj\u0105czki) SKARBNIK: Pani Aleksandra Wytrwa\u0142 ( Liski) SEKRETARZ: Pani\u00a0 \u00a0Agnieszka [&hellip;]<\/p>\n","protected":false},"author":7,"featured_media":0,"parent":0,"menu_order":0,"comment_status":"closed","ping_status":"closed","template":"","meta":{"footnotes":""},"class_list":["post-101","page","type-page","status-publish","hentry","clearfix"],"_links":{"self":[{"href":"https:\/\/przedszkole104.edu.wroclaw.pl\/index.php\/wp-json\/wp\/v2\/pages\/101","targetHints":{"allow":["GET"]}}],"collection":[{"href":"https:\/\/przedszkole104.edu.wroclaw.pl\/index.php\/wp-json\/wp\/v2\/pages"}],"about":[{"href":"https:\/\/przedszkole104.edu.wroclaw.pl\/index.php\/wp-json\/wp\/v2\/types\/page"}],"author":[{"embeddable":true,"href":"https:\/\/przedszkole104.edu.wroclaw.pl\/index.php\/wp-json\/wp\/v2\/users\/7"}],"replies":[{"embeddable":true,"href":"https:\/\/przedszkole104.edu.wroclaw.pl\/index.php\/wp-json\/wp\/v2\/comments?post=101"}],"version-history":[{"count":23,"href":"https:\/\/przedszkole104.edu.wroclaw.pl\/index.php\/wp-json\/wp\/v2\/pages\/101\/revisions"}],"predecessor-version":[{"id":14694,"href":"https:\/\/przedszkole104.edu.wroclaw.pl\/index.php\/wp-json\/wp\/v2\/pages\/101\/revisions\/14694"}],"wp:attachment":[{"href":"https:\/\/przedszkole104.edu.wroclaw.pl\/index.php\/wp-json\/wp\/v2\/media?parent=101"}],"curies":[{"name":"wp","href":"https:\/\/api.w.org\/{rel}","templated":true}]}}