
{"id":105,"date":"2022-03-30T10:10:52","date_gmt":"2022-03-30T08:10:52","guid":{"rendered":"https:\/\/przedszkole104.edu.wroclaw.pl\/?page_id=105"},"modified":"2025-11-07T07:19:31","modified_gmt":"2025-11-07T06:19:31","slug":"oplaty","status":"publish","type":"page","link":"https:\/\/przedszkole104.edu.wroclaw.pl\/index.php\/oplaty\/","title":{"rendered":"Op\u0142aty"},"content":{"rendered":"<div class=\"wpb-content-wrapper\"><p>[vc_row][vc_column][vc_column_text css=&#8221;&#8221;]<\/p>\n<p style=\"text-align: center\"><span style=\"font-size: 20px;color: #ff0000\"><strong>CENNIK OP\u0141AT &#8211; SK\u0104D BIERZE SI\u0118 WYSOKO\u015a\u0106 KWOT POBIERANYCH PRZEZ PRZEDSZKOLE?<\/strong><\/span><\/p>\n<p>Op\u0142ata za Przedszkole stanowi niepodatkow\u0105 nale\u017cno\u015b\u0107 o charakterze publicznoprawnym w rozumieniu Ustaw &#8211; o finansowaniu zada\u0144 o\u015bwiatowych i o finansach publicznych. W zwi\u0105zku z tym, nie mo\u017ce by\u0107 regulowana \u017cadn\u0105 Umow\u0105 cywilnoprawn\u0105 &#8211; Rodzice sk\u0142adaj\u0105 na pocz\u0105tku roku szkolnego <a href=\"https:\/\/przedszkole104.edu.wroclaw.pl\/wp-content\/uploads\/sites\/72\/2024\/06\/KARTA-DEKLARACJA-2024.2025.pdf\" target=\"_blank\" rel=\"noopener\">deklaracj\u0119 ucz\u0119szczania<\/a><\/p>\n<p>Op\u0142ata sk\u0142ada si\u0119 z dw\u00f3ch cz\u0119\u015bci: <strong><span style=\"color: #800080\">za \u017cywienie<\/span><\/strong> i <strong><span style=\"color: #008000\">za pobyt<\/span>.<\/strong><\/p>\n<p>Dzi\u0119ki wsp\u00f3\u0142pracy system\u00f3w: eROP, Tabeli CARJO oraz brelok\u00f3w zbli\u017ceniowych (klikaczy) &#8211; Pa\u0144stwo sami mo\u017cecie decydowa\u0107 o wysoko\u015bci op\u0142aty za pobyt dzieci w Przedszkolu.<\/p>\n<p><span style=\"color: #800080\"><strong>1. Op\u0142ata za \u017cywienie<\/strong><\/span><\/p>\n<p>Stawka \u017cywieniowa jest regulowana na podstawie Zarz\u0105dzenia Dyrektora Przedszkola i w roku szkolnym 2025\/26 wynosi: <span style=\"color: #ff0000\">13,50 z\u0142<\/span> za 1 dzie\u0144 pe\u0142nego wy\u017cywienia (\u015bniadanie, zupa+ deser, II danie+ owoc).\u00a0 Naliczana jest za ka\u017cdy dzie\u0144 obecno\u015bci dziecka w Przedszkolu.<\/p>\n<p><span style=\"color: #800080\"><strong><u>KTO MUSI P\u0141ACI\u0106 ZA WY\u017bYWIENIE?<\/u><\/strong><\/span><\/p>\n<p>Za wy\u017cywienie dzieci p\u0142ac\u0105 wszyscy rodzice.<\/p>\n<p>Zwolnienie z op\u0142aty za wy\u017cywienie odbywa si\u0119 wy\u0142\u0105cznie na podstawie decyzji MOPS, na uzasadniony wniosek rodzica z\u0142o\u017cony w zespole pracy terenowej MOPS &#8211; zgodnie z procedurami wyznaczonymi przez MOPS.<\/p>\n<p><strong><span style=\"color: #ff0000\"><u>Uwaga! Zwolnienie z op\u0142aty dla rodziny wielodzietnej nie jest jednoznacznie ze zwolnieniem z op\u0142aty za wy\u017cywienie!<\/u><\/span><\/strong><\/p>\n<p><span style=\"color: #008000\"><strong> 2. Op\u0142ata za pobyt<\/strong><\/span><\/p>\n<p>Zgodnie z zapisami ww. Ustaw i <a href=\"https:\/\/przedszkole104.edu.wroclaw.pl\/wp-content\/uploads\/sites\/72\/2024\/08\/uchwala.pdf\" target=\"_blank\" rel=\"noopener\">Uchwa\u0142y Rady Miejskiej<\/a> dzieci z rocznik\u00f3w: 2022,\u00a0 2021 i 2020 maj\u0105 bezp\u0142atne 5 pierwszych godzin pobytu w Przedszkolu. Powy\u017cej 5 godzin rozpoczyna si\u0119 naliczanie op\u0142at za pobyt.<\/p>\n<p>Dzieci z rocznika <span style=\"color: #008000\">2019<\/span>\u00a0oraz korzystaj\u0105ce <span style=\"color: #008000\"><a href=\"https:\/\/przedszkole104.edu.wroclaw.pl\/wp-content\/uploads\/sites\/72\/2022\/07\/wielodzietnosc-wniosek.pdf\" target=\"_blank\" rel=\"noopener\"><strong>na wniosek<\/strong><\/a> rodzica ze zwolnienia dla rodziny wielodzietnej<\/span>: nie p\u0142ac\u0105 za pobyt!<\/p>\n<p>Op\u0142ata za pobyt jest regulowana zgodnie z Uchwa\u0142\u0105 Rady Miejskiej Wroc\u0142awia i ze wzgl\u0119du na zmian\u0119 Uchwa\u0142y od <span style=\"color: #ff0000\"><strong>01.09.2024r. wynosi: 1,44<\/strong><\/span> z\u0142 za ka\u017cd\u0105 rozpocz\u0119t\u0105 godzin\u0119 pobytu dziecka w Przedszkolu.<\/p>\n<p><span style=\"color: #008000\"><strong><u>KTO MUSI P\u0141ACI\u0106 ZA POBYT?<\/u><\/strong><\/span><\/p>\n<p>Za pobyt p\u0142ac\u0105 rodzice dzieci z rocznik\u00f3w: 2021,2020,2019 &#8211; kt\u00f3re pozostaj\u0105 w Przedszkolu wi\u0119cej ni\u017c 5 godzin dziennie.<\/p>\n<p><span style=\"color: #ff0000\"><u><strong>Uwaga! Naliczanie op\u0142aty 1,44 z\u0142 startuje za ka\u017cd\u0105 rozpocz\u0119t\u0105 godzin\u0119 pobytu. Przyk\u0142adowo: dziecko by\u0142o w Przedszkolu do godziny 16:02. op\u0142ata b\u0119dzie naliczona od godziny 16:00 do 17:00.\u00a0 Nie ma r\u00f3\u017cnicowania na minuty.<\/strong> <\/u><\/span><\/p>\n<p>&nbsp;<\/p>\n<p style=\"text-align: center\"><span style=\"font-size: 24px\">\u00a0<strong>NALICZANIE OP\u0141AT ZA \u017bYWIENIE I POBYT<\/strong><\/span><\/p>\n<p>Op\u0142aty naliczane s\u0105 r\u00f3wnocze\u015bnie i automatycznie dzi\u0119ki pracy system\u00f3w: eROP i Tabeli \u017bywieniowej CARJO. Ka\u017cdy rodzic otrzymuje breloki zbli\u017ceniowe RFID (tzw. klikacze), kt\u00f3re przyk\u0142adane codziennie do czytnika systemu eROP przy ka\u017cdym wej\u015bciu i wyj\u015bciu dziecka z Przedszkola generuj\u0105 naliczenie wskazuj\u0105ce:<\/p>\n<p>&#8211; ilo\u015b\u0107 godzin darmowych i p\u0142atnych pobytu dziecka w danym dniu<\/p>\n<p>&#8211; ilo\u015b\u0107 dni obecno\u015bci i nieobecno\u015bci<\/p>\n<p><span style=\"color: #ff0000\"><u><strong>Uwaga! Obowi\u0105zkiem ka\u017cdego rodzica jest codzienne odklikanie si\u0119 w systemie w budynku A lub B.<\/strong> <\/u><\/span><\/p>\n<p>&nbsp;<\/p>\n<p style=\"text-align: center\"><span style=\"font-size: 20px\"><strong>KTO MUSI KORZYSTA\u0106 Z SYSTEMU BRELOK\u00d3W ZBLI\u017bENIOWYCH (KLIKACZY)?<\/strong><\/span><\/p>\n<p>Wszyscy rodzice i inne osoby upowa\u017cnione do odbioru dziecka musz\u0105 codziennie rano i po po\u0142udniu (wej\u015bcie i wyj\u015bcie dzieci z Przedszkola) przytkn\u0105\u0107 breloczek do czytnika.<\/p>\n<p><span style=\"color: #ff0000\"><u>Uwaga! Rodzice dzieci zwolnionych z op\u0142aty za pobyt i dzieci z rocznika 2019 r\u00f3wnie\u017c s\u0105 zobowi\u0105zani do odklikania si\u0119 w systemie, aby pobyt by\u0142 zgodny z frekwencj\u0105 w dzienniku.<\/u><\/span><\/p>\n<p style=\"text-align: center\"><strong><span style=\"font-size: 20px\">BRAK &#8222;ODKLIKANIA SI\u0118&#8221;<\/span> <\/strong><\/p>\n<p>Je\u017celi rodzice nie b\u0119d\u0105 korzysta\u0107 z systemu eROP &#8211; system wygeneruje dla dziecka puste dane za miesi\u0105c. W\u00f3wczas, aby prawid\u0142owo zosta\u0142a naliczona op\u0142ata za pobyt i \u017cywienie, w Tabeli CARJO &#8211; intendentka sprawdza dni obecno\u015bci dziecka w dziennikach zaj\u0119\u0107.<\/p>\n<p>Rodzice dzieci, kt\u00f3re nie b\u0119d\u0105 zaczytane w systemie, ale w dziennikach zaj\u0119\u0107 prowadzonych przez nauczyciela w grupie b\u0119dzie obecno\u015b\u0107 i nie korzystaj\u0105ce ze zwolnie\u0144 &#8211; dla naliczenia op\u0142aty b\u0119d\u0105 podawane automatycznie przez system od godziny 6:30 do 17:00.<\/p>\n<p>Faktycznie stwierdzone dni nieobecno\u015bci potwierdzone z dziennikiem zaj\u0119\u0107 prowadzonym przez nauczyciela w grupie, s\u0105 zaczytywane jako brak op\u0142aty za pobyt i \u017cywienie w danym dniu.<\/p>\n<p><strong><span style=\"color: #ff0000\"><u>Bardzo prosimy o zastosowanie si\u0119 do tych zasad i regularne, codzienne &#8222;klikanie&#8221; brelokami zbli\u017ceniowymi obecno\u015bci dzieci.<\/u><\/span><\/strong><\/p>\n<p>&nbsp;<\/p>\n<p style=\"text-align: center\"><span style=\"font-size: 20px\"><strong>MIESI\u0118CZNE INFORMACJE O WYSOKO\u015aCI KWOTY OP\u0141ATY<\/strong><\/span><\/p>\n<p>Informacje z wyliczeniem op\u0142at za dany miesi\u0105c Rodzice otrzymuj\u0105 drog\u0105 elektroniczn\u0105 na adres e mail podany w Deklaracji.<\/p>\n<p>Poniewa\u017c skrzynki e- mail u r\u00f3\u017cnych operator\u00f3w domen pocztowych mog\u0105 mie\u0107 r\u00f3\u017cne ustawienia, mo\u017ce si\u0119 zdarzy\u0107, \u017ce rozliczenie trafi do pod folder\u00f3w w skrzynce odbiorczej: SPAM, Wiadomo\u015bci -\u015bmieci, Powiadomienia, Oferty itd.<\/p>\n<p>Smartfony, z kt\u00f3rych korzystamy wszyscy najcz\u0119\u015bciej maj\u0105 ustawion\u0105 jeden domy\u015blny folder g\u0142\u00f3wnej skrzynki odbiorczej.<\/p>\n<p>Sugerujemy sprawdza\u0107 skrzynk\u0119 na komputerze.<\/p>\n<p>Je\u017celi do Pa\u0144stwa jednak do 5 dnia miesi\u0105ca nie dotar\u0142 e- mail z wyliczeniem, prosimy o powiadomienie: <a href=\"mailto:sekretariat.p104@wroclawskaedukacja.pl\">sekretariat.p104@wroclawskaedukacja.pl<\/a><\/p>\n<p>E-mail wysy\u0142any jest automatycznie, generowany jest do wszystkich odbiorc\u00f3w spod aplikacji Tabela CARJO.<\/p>\n<p>E-mail przychodzi z domeny: <a href=\"https:\/\/poczta.wroclawskaedukacja.pl\/owa\/Sekretariat.p006@wroclawskaedukacja.pl\/redir.aspx?C=KZdAR1shx3Fb9ThP9oqDoDnuTjyTZJMlchpdo-xe_BSYMH6wDGnYCA..&amp;URL=mailto%3aoplaty%40cui.wroclaw.pl\">oplaty@cui.wroclaw.pl<\/a> i polecamy Pa\u0144stwu doda\u0107 ten adres do Ulubionych, Zaufanych itp.<\/p>\n<p>Wyliczenie dla Pa\u0144stwa zawiera informacj\u0119 o op\u0142acie bie\u017c\u0105cej, zaleg\u0142o\u015bciach, naliczonych odsetkach. W razie w\u0105tpliwo\u015bci co do wysoko\u015bci kwoty, prawid\u0142owo\u015bci naliczenia, innych pyta\u0144 &#8211; prosimy o kontakt.<\/p>\n<p>E-mail dla Pa\u0144stwa zawiera r\u00f3wnie\u017c numer konta bankowego &#8211; indywidualnego dla ka\u017cdego dziecka &#8211; na kt\u00f3re nale\u017cy przela\u0107 op\u0142at\u0119.<\/p>\n<p>Bardzo prosimy o zastosowanie si\u0119 do tej zasady i przelewanie dok\u0142adnie takich kwot jakie przychodz\u0105 w rozliczeniu. Prosimy nie ustala\u0107 zlece\u0144 sta\u0142ych &#8211; gdy\u017c kwoty co miesi\u0105c mog\u0105 by\u0107 inne.<\/p>\n<p>Pa\u0144stwa p\u0142atno\u015bci s\u0105 ksi\u0119gowane i rozliczane automatycznie w formacie bankowej p\u0142atno\u015bci masowej dzi\u0119ki wsp\u00f3\u0142pracy banku i Tabeli CARJO.<\/p>\n<p>&nbsp;<\/p>\n<p style=\"text-align: center\"><span style=\"font-size: 20px\"><strong>TERMIN P\u0141ATNO\u015aCI I BRAK WP\u0141ATY\u00a0<\/strong> <\/span><\/p>\n<p>Termin p\u0142atno\u015bci zosta\u0142 ustalony na : 15 dzie\u0144 ka\u017cdego miesi\u0105ca. Za ka\u017cdy dzie\u0144 zw\u0142oki po 15 -tym b\u0119d\u0105 naliczane odsetki ustawowe. Kwota odsetek generuje si\u0119 automatycznie w Tabeli CARJO i ro\u015bnie do dnia wykonania op\u0142aty.<\/p>\n<p>Op\u0142aty za Przedszkole podlegaj\u0105 egzekucji w trybie administracyjnym, wed\u0142ug Procedury, kt\u00f3rej tre\u015b\u0107 znajduje si\u0119 na naszej stronie internetowej w zak\u0142adce &#8222;Dla rodzic\u00f3w &#8211; dokumenty&#8221;<\/p>\n<p style=\"text-align: center\"><span style=\"font-size: 20px\"><strong>\u00a0<\/strong><\/span><\/p>\n<p align=\"justify\"><a href=\"https:\/\/przedszkole104.edu.wroclaw.pl\/wp-content\/uploads\/sites\/72\/2024\/08\/uchwala.pdf\" target=\"_blank\" rel=\"noopener\">Uchwa\u0142a nr III\/18\/24 zmieniaj\u0105c\u0105 uchwa\u0142\u0119 LVII\/1513\/22 Rady miejskiej Wroc\u0142awia w sprawie ustalenia czasu bezp\u0142atnego nauczania, wychowania i opieki oraz wysoko\u015bci op\u0142aty za korzystanie z wychowania przedszkolnego w publicznych przedszkolach i oddzia\u0142ach przedszkolnych w publicznych szko\u0142ach podstawowych prowadzonych przez gmin\u0119.<\/a><\/p>\n<p>[\/vc_column_text][\/vc_column][\/vc_row]<\/p>\n<\/div>","protected":false},"excerpt":{"rendered":"<p>[vc_row][vc_column][vc_column_text css=&#8221;&#8221;] CENNIK OP\u0141AT &#8211; SK\u0104D BIERZE SI\u0118 WYSOKO\u015a\u0106 KWOT POBIERANYCH PRZEZ PRZEDSZKOLE? Op\u0142ata za Przedszkole stanowi niepodatkow\u0105 nale\u017cno\u015b\u0107 o charakterze publicznoprawnym w rozumieniu Ustaw &#8211; o finansowaniu zada\u0144 o\u015bwiatowych [&hellip;]<\/p>\n","protected":false},"author":7,"featured_media":0,"parent":0,"menu_order":0,"comment_status":"closed","ping_status":"closed","template":"","meta":{"footnotes":""},"class_list":["post-105","page","type-page","status-publish","hentry","clearfix"],"_links":{"self":[{"href":"https:\/\/przedszkole104.edu.wroclaw.pl\/index.php\/wp-json\/wp\/v2\/pages\/105","targetHints":{"allow":["GET"]}}],"collection":[{"href":"https:\/\/przedszkole104.edu.wroclaw.pl\/index.php\/wp-json\/wp\/v2\/pages"}],"about":[{"href":"https:\/\/przedszkole104.edu.wroclaw.pl\/index.php\/wp-json\/wp\/v2\/types\/page"}],"author":[{"embeddable":true,"href":"https:\/\/przedszkole104.edu.wroclaw.pl\/index.php\/wp-json\/wp\/v2\/users\/7"}],"replies":[{"embeddable":true,"href":"https:\/\/przedszkole104.edu.wroclaw.pl\/index.php\/wp-json\/wp\/v2\/comments?post=105"}],"version-history":[{"count":20,"href":"https:\/\/przedszkole104.edu.wroclaw.pl\/index.php\/wp-json\/wp\/v2\/pages\/105\/revisions"}],"predecessor-version":[{"id":14793,"href":"https:\/\/przedszkole104.edu.wroclaw.pl\/index.php\/wp-json\/wp\/v2\/pages\/105\/revisions\/14793"}],"wp:attachment":[{"href":"https:\/\/przedszkole104.edu.wroclaw.pl\/index.php\/wp-json\/wp\/v2\/media?parent=105"}],"curies":[{"name":"wp","href":"https:\/\/api.w.org\/{rel}","templated":true}]}}