
{"id":107,"date":"2022-03-16T13:47:29","date_gmt":"2022-03-16T12:47:29","guid":{"rendered":"https:\/\/przedszkole104.edu.wroclaw.pl\/?page_id=107"},"modified":"2026-04-10T10:46:56","modified_gmt":"2026-04-10T08:46:56","slug":"jadlospis","status":"publish","type":"page","link":"https:\/\/przedszkole104.edu.wroclaw.pl\/index.php\/jadlospis\/","title":{"rendered":"Jad\u0142ospis"},"content":{"rendered":"<div class=\"wpb-content-wrapper\"><p>[vc_row][vc_column width=&#8221;2\/3&#8243;][vc_column_text css=&#8221;&#8221;]<\/p>\n<div class=\"elementor-element elementor-element-277d8a2 elementor-widget elementor-widget-text-editor\" data-id=\"277d8a2\" data-element_type=\"widget\" data-widget_type=\"text-editor.default\">\n<div class=\"elementor-widget-container\">\n<h2><img loading=\"lazy\" decoding=\"async\" class=\"size-full wp-image-233 alignleft\" src=\"https:\/\/przedszkole104.edu.wroclaw.pl\/wp-content\/uploads\/sites\/72\/2022\/03\/girl-1773668_1280-206x300-1.png\" alt=\"Grafika - Jad\u0142ospis\" width=\"206\" height=\"300\" \/><\/h2>\n<\/div>\n<\/div>\n<div class=\"elementor-element elementor-element-c43960f elementor-widget elementor-widget-text-editor\" data-id=\"c43960f\" data-element_type=\"widget\" data-widget_type=\"text-editor.default\">\n<div class=\"elementor-widget-container\">\n<div class=\"elementor-element elementor-element-c43960f elementor-widget elementor-widget-text-editor\" data-id=\"c43960f\" data-element_type=\"widget\" data-widget_type=\"text-editor.default\">\n<div class=\"elementor-element elementor-element-c43960f elementor-widget elementor-widget-text-editor\" data-id=\"c43960f\" data-element_type=\"widget\" data-widget_type=\"text-editor.default\">\n<div class=\"elementor-element elementor-element-c43960f elementor-widget elementor-widget-text-editor\" data-id=\"c43960f\" data-element_type=\"widget\" data-widget_type=\"text-editor.default\">\n<div class=\"elementor-element elementor-element-c43960f elementor-widget elementor-widget-text-editor\" data-id=\"c43960f\" data-element_type=\"widget\" data-widget_type=\"text-editor.default\">\n<p style=\"text-align: center\"><a href=\"https:\/\/przedszkole104.edu.wroclaw.pl\/wp-content\/uploads\/sites\/72\/2026\/04\/Niedzwiedzia-przedszkole-30.03.2026-10.04.2026.pdf\" target=\"_blank\" rel=\"noopener\">Jad\u0142ospis podstawowy 30.03.2026 &#8211; 10.04.2026<\/a><\/p>\n<p style=\"text-align: center\"><a href=\"https:\/\/przedszkole104.edu.wroclaw.pl\/wp-content\/uploads\/sites\/72\/2026\/04\/Niedzwiedzia-przedszkole-30.03.2026-10.04.2026-dieta-bezmleczna-.pdf\" target=\"_blank\" rel=\"noopener\">Jad\u0142ospis &#8211; dieta bezmleczna 30.03.2026 &#8211; 10.04.2026 <\/a><\/p>\n<p style=\"text-align: center\"><a href=\"https:\/\/przedszkole104.edu.wroclaw.pl\/wp-content\/uploads\/sites\/72\/2026\/04\/Niedzwiedzia-przedszkole-30.03.2026-10.04.2026-\u2014-dieta-bezglutenowa-.pdf\" target=\"_blank\" rel=\"noopener\"> Jad\u0142ospis \u2014 dieta bezglutenowa<\/a><a href=\"https:\/\/przedszkole104.edu.wroclaw.pl\/wp-content\/uploads\/sites\/72\/2026\/04\/Niedzwiedzia-przedszkole-30.03.2026-10.04.2026-\u2014-dieta-bezglutenowa-.pdf\" target=\"_blank\" rel=\"noopener\"> 30.03.2026 &#8211; 10.04.2026<\/a><\/p>\n<p style=\"text-align: center\"><a href=\"https:\/\/przedszkole104.edu.wroclaw.pl\/wp-content\/uploads\/sites\/72\/2026\/03\/Niedzwiedzia-przedszkole-30.03.2026-10.04.2026-\u2014-dieta-wegetarianska-z-rybami-.pdf\" target=\"_blank\" rel=\"noopener\">Jad\u0142ospis &#8211; dieta wegetaria\u0144ska 30.03.2026 &#8211; 10.04.2026<\/a><\/p>\n<p style=\"text-align: center\"><a href=\"https:\/\/przedszkole104.edu.wroclaw.pl\/wp-content\/uploads\/sites\/72\/2026\/04\/Niedzwiedzia-przedszkole-13.04.2026-24.04.2026.pdf\" target=\"_blank\" rel=\"noopener\">Jad\u0142ospis podstawowy 13.04.2026 &#8211; 24.04.2026<\/a><\/p>\n<p style=\"text-align: center\"><a href=\"https:\/\/przedszkole104.edu.wroclaw.pl\/wp-content\/uploads\/sites\/72\/2026\/04\/Niedzwiedzia-przedszkole-13.04.2026-24.04.2026-dieta-bezmleczna.pdf\" target=\"_blank\" rel=\"noopener\">Jad\u0142ospis\u00a0&#8211; dieta bezmleczna13.04.2026 &#8211; 24.04.2026<\/a><\/p>\n<p style=\"text-align: center\"><a href=\"https:\/\/przedszkole104.edu.wroclaw.pl\/wp-content\/uploads\/sites\/72\/2026\/04\/Niedzwiedzia-przedszkole-13.04.2026-24.04.2026-dieta-bezglutenowa.pdf\" target=\"_blank\" rel=\"noopener\">Jad\u0142ospis \u2014 dieta bezglutenowa13.04.2026 &#8211; 24.04.2026<\/a><\/p>\n<p style=\"text-align: center\"><a href=\"https:\/\/przedszkole104.edu.wroclaw.pl\/wp-content\/uploads\/sites\/72\/2026\/04\/Niedzwiedzia-przedszkole-13.04.2026-24.04.2026-dieta-wegetarianska-z-rybami.pdf\" target=\"_blank\" rel=\"noopener\">Jad\u0142ospis &#8211; dieta wegetaria\u0144ska 13.04.2026 &#8211; 24.04.2026<\/a><\/p>\n<\/div>\n<\/div>\n<\/div>\n<\/div>\n<\/div>\n<\/div>\n<p>[\/vc_column_text][\/vc_column][vc_column width=&#8221;1\/3&#8243;][vc_column_text css=&#8221;&#8221;]<\/p>\n<div class=\"elementor-element elementor-element-277d8a2 elementor-widget elementor-widget-text-editor\" data-id=\"277d8a2\" data-element_type=\"widget\" data-widget_type=\"text-editor.default\">\n<div class=\"elementor-widget-container\">\n<h3 style=\"text-align: center\"><a href=\"https:\/\/przedszkole104.edu.wroclaw.pl\/wp-content\/uploads\/sites\/72\/2026\/03\/Bohater-miesiaca-kwiecien-2026.pdf\" target=\"_blank\" rel=\"noopener\">BOHATER MIESI\u0104CA &#8211; KWIECIE\u0143<\/a><\/h3>\n<h3 style=\"text-align: center\"><a href=\"https:\/\/przedszkole104.edu.wroclaw.pl\/wp-content\/uploads\/sites\/72\/2026\/02\/Bohater-miesiaca-marzec-2026_page-0001-scaled.jpg\" target=\"_blank\" rel=\"noopener\">BOHATER MIESI\u0104CA &#8211; MARZEC<\/a><\/h3>\n<h3 style=\"text-align: center\"><a href=\"https:\/\/przedszkole104.edu.wroclaw.pl\/wp-content\/uploads\/sites\/72\/2026\/02\/Bohater-miesiaca-luty-2026.pdf\" target=\"_blank\" rel=\"noopener\">BOHATER MIESI\u0104CA &#8211; LUTY<\/a><\/h3>\n<h3 style=\"text-align: center\"><a href=\"https:\/\/przedszkole104.edu.wroclaw.pl\/wp-content\/uploads\/sites\/72\/2025\/12\/Bohater-miesiaca-styczen-2026.pdf\" target=\"_blank\" rel=\"noopener\">BOHATER MIESI\u0104CA &#8211; STYCZE\u0143<\/a><\/h3>\n<h3 style=\"text-align: center\"><\/h3>\n<p style=\"text-align: center\">\n<\/div>\n<\/div>\n<p>[\/vc_column_text][\/vc_column][\/vc_row]<\/p>\n<\/div>","protected":false},"excerpt":{"rendered":"<p>[vc_row][vc_column width=&#8221;2\/3&#8243;][vc_column_text css=&#8221;&#8221;] Jad\u0142ospis podstawowy 30.03.2026 &#8211; 10.04.2026 Jad\u0142ospis &#8211; dieta bezmleczna 30.03.2026 &#8211; 10.04.2026 Jad\u0142ospis \u2014 dieta bezglutenowa 30.03.2026 &#8211; 10.04.2026 Jad\u0142ospis &#8211; dieta wegetaria\u0144ska 30.03.2026 &#8211; 10.04.2026 Jad\u0142ospis [&hellip;]<\/p>\n","protected":false},"author":7,"featured_media":0,"parent":0,"menu_order":0,"comment_status":"closed","ping_status":"closed","template":"","meta":{"footnotes":""},"class_list":["post-107","page","type-page","status-publish","hentry","clearfix"],"_links":{"self":[{"href":"https:\/\/przedszkole104.edu.wroclaw.pl\/index.php\/wp-json\/wp\/v2\/pages\/107","targetHints":{"allow":["GET"]}}],"collection":[{"href":"https:\/\/przedszkole104.edu.wroclaw.pl\/index.php\/wp-json\/wp\/v2\/pages"}],"about":[{"href":"https:\/\/przedszkole104.edu.wroclaw.pl\/index.php\/wp-json\/wp\/v2\/types\/page"}],"author":[{"embeddable":true,"href":"https:\/\/przedszkole104.edu.wroclaw.pl\/index.php\/wp-json\/wp\/v2\/users\/7"}],"replies":[{"embeddable":true,"href":"https:\/\/przedszkole104.edu.wroclaw.pl\/index.php\/wp-json\/wp\/v2\/comments?post=107"}],"version-history":[{"count":232,"href":"https:\/\/przedszkole104.edu.wroclaw.pl\/index.php\/wp-json\/wp\/v2\/pages\/107\/revisions"}],"predecessor-version":[{"id":15519,"href":"https:\/\/przedszkole104.edu.wroclaw.pl\/index.php\/wp-json\/wp\/v2\/pages\/107\/revisions\/15519"}],"wp:attachment":[{"href":"https:\/\/przedszkole104.edu.wroclaw.pl\/index.php\/wp-json\/wp\/v2\/media?parent=107"}],"curies":[{"name":"wp","href":"https:\/\/api.w.org\/{rel}","templated":true}]}}