
{"id":3334,"date":"2022-12-20T13:22:22","date_gmt":"2022-12-20T12:22:22","guid":{"rendered":"https:\/\/przedszkole104.edu.wroclaw.pl\/?page_id=3334"},"modified":"2023-02-23T20:07:39","modified_gmt":"2023-02-23T19:07:39","slug":"1-3","status":"publish","type":"page","link":"https:\/\/przedszkole104.edu.wroclaw.pl\/index.php\/1-3\/","title":{"rendered":"1,5%"},"content":{"rendered":"<div class=\"wpb-content-wrapper\"><div class=\"vc_row wpb_row vc_row-fluid\">\n<div class=\"wpb_column vc_column_container vc_col-sm-12\">\n<div class=\"vc_column-inner\">\n<div class=\"wpb_wrapper\">\n<div class=\"wpb_text_column wpb_content_element \">\n<div class=\"wpb_wrapper\">\n<p style=\"text-align: center\"><span style=\"font-size: 20px\"><strong>Szanowni Pa\u0144stwo<\/strong><\/span><\/p>\n<p style=\"text-align: center\"><span style=\"font-size: 20px\">Dzi\u0119ki Radzie Rodzic\u00f3w kt\u00f3ra nawi\u0105za\u0142a wsp\u00f3\u0142prac\u0119 \u00a0z\u00a0<strong style=\"font-size: 20px\">FUNDACJ\u0104 \u201eSTRACHOTA\u201d WE WROC\u0141AWIU,<\/strong>\u00a0 rozliczaj\u0105c\u00a0<\/span><span style=\"font-size: 20px\">podatek dochodowy \u00a0mo\u017cecie \u00a0przekaza\u0107 1,5% podatku na rzecz naszego przedszkola.<\/span><\/p>\n<p style=\"text-align: center\"><span style=\"font-size: 20px\">\u00a0Uzyskane pieni\u0105dze pozwol\u0105 nam wzbogaci\u0107 nasz\u0105 plac\u00f3wk\u0119 o ciekawe pomoce edukacyjne, urz\u0105dzenia ogrodowe kt\u00f3re\u00a0stworz\u0105 dodatkowe mo\u017cliwo\u015bci do wszechstronnego rozwoju naszych podopiecznych<\/span><\/p>\n<p style=\"text-align: center\"><span style=\"color: #0000ff\"><strong><span style=\"font-size: 24px\">Jak to zrobi\u0107?<\/span><\/strong><\/span><\/p>\n<p><span style=\"font-size: 20px\">WYPE\u0141NIAJ\u0104C PIT \u2013 36, PIT \u2013 37 LUB PIT \u2013 38 wpisa\u0107:<\/span><\/p>\n<\/div>\n<\/div>\n<\/div>\n<\/div>\n<\/div>\n<\/div>\n<div class=\"vc_row wpb_row vc_row-fluid\">\n<div class=\"wpb_column vc_column_container vc_col-sm-12\">\n<div class=\"vc_column-inner\">\n<div class=\"wpb_wrapper\">\n<div class=\"wpb_text_column wpb_content_element \">\n<div class=\"wpb_wrapper\">\n<p><span style=\"font-size: 20px\">NUMER KRS: <strong>0000224647<\/strong><\/span><\/p>\n<p><span style=\"font-size: 20px\">CEL:\u00a0 <strong>\u201e1% dla Przedszkola nr 104 we Wroc\u0142awiu\u201d<\/strong><\/span><\/p>\n<p style=\"text-align: center\"><span style=\"color: #339966;font-size: 24px\"><strong>LICZYMY NA PA\u0143STWA \u017bYCZLIWO\u015a\u0106 I ZAANGA\u017bOWANIE<\/strong><\/span><\/p>\n<\/div>\n<\/div>\n<div class=\"wpb_text_column wpb_content_element \">\n<div class=\"wpb_wrapper\">\n<p>&nbsp;<\/p>\n<p><strong>Program kt\u00f3ry darmowo rozlicza pit i pomaga rozliczy\u0107 1,5%<\/strong><\/p>\n<p><a href=\"http:\/\/www.e-pity.pl\/pobierz_darmowy_program\/\" target=\"_blank\" rel=\"noopener noreferrer\">http:\/\/www.e-pity.pl\/pobierz_darmowy_program\/<\/a><\/p>\n<\/div>\n<\/div>\n<\/div>\n<\/div>\n<\/div>\n<\/div>\n<\/div>","protected":false},"excerpt":{"rendered":"<p>Szanowni Pa\u0144stwo Dzi\u0119ki Radzie Rodzic\u00f3w kt\u00f3ra nawi\u0105za\u0142a wsp\u00f3\u0142prac\u0119 \u00a0z\u00a0FUNDACJ\u0104 \u201eSTRACHOTA\u201d WE WROC\u0141AWIU,\u00a0 rozliczaj\u0105c\u00a0podatek dochodowy \u00a0mo\u017cecie \u00a0przekaza\u0107 1,5% podatku na rzecz naszego przedszkola. \u00a0Uzyskane pieni\u0105dze pozwol\u0105 nam wzbogaci\u0107 nasz\u0105 plac\u00f3wk\u0119 o [&hellip;]<\/p>\n","protected":false},"author":7,"featured_media":0,"parent":0,"menu_order":0,"comment_status":"closed","ping_status":"closed","template":"","meta":{"footnotes":""},"class_list":["post-3334","page","type-page","status-publish","hentry","clearfix"],"_links":{"self":[{"href":"https:\/\/przedszkole104.edu.wroclaw.pl\/index.php\/wp-json\/wp\/v2\/pages\/3334","targetHints":{"allow":["GET"]}}],"collection":[{"href":"https:\/\/przedszkole104.edu.wroclaw.pl\/index.php\/wp-json\/wp\/v2\/pages"}],"about":[{"href":"https:\/\/przedszkole104.edu.wroclaw.pl\/index.php\/wp-json\/wp\/v2\/types\/page"}],"author":[{"embeddable":true,"href":"https:\/\/przedszkole104.edu.wroclaw.pl\/index.php\/wp-json\/wp\/v2\/users\/7"}],"replies":[{"embeddable":true,"href":"https:\/\/przedszkole104.edu.wroclaw.pl\/index.php\/wp-json\/wp\/v2\/comments?post=3334"}],"version-history":[{"count":7,"href":"https:\/\/przedszkole104.edu.wroclaw.pl\/index.php\/wp-json\/wp\/v2\/pages\/3334\/revisions"}],"predecessor-version":[{"id":4238,"href":"https:\/\/przedszkole104.edu.wroclaw.pl\/index.php\/wp-json\/wp\/v2\/pages\/3334\/revisions\/4238"}],"wp:attachment":[{"href":"https:\/\/przedszkole104.edu.wroclaw.pl\/index.php\/wp-json\/wp\/v2\/media?parent=3334"}],"curies":[{"name":"wp","href":"https:\/\/api.w.org\/{rel}","templated":true}]}}