
{"id":413,"date":"2022-04-01T10:25:51","date_gmt":"2022-04-01T08:25:51","guid":{"rendered":"https:\/\/przedszkole104.edu.wroclaw.pl\/?page_id=413"},"modified":"2022-09-22T17:46:37","modified_gmt":"2022-09-22T15:46:37","slug":"oferta-zajec-dodatkowych","status":"publish","type":"page","link":"https:\/\/przedszkole104.edu.wroclaw.pl\/index.php\/oferta-zajec-dodatkowych\/","title":{"rendered":"Oferta zaj\u0119\u0107 dodatkowych"},"content":{"rendered":"<h2>Mali Wspaniali<\/h2>\n<p>Program\u00a0\u201eMali Wspaniali\u201d jest realizowany w szko\u0142ach i przedszkolach ju\u017c od ponad 5 lat i polega na prowadzeniu zaj\u0119\u0107 og\u00f3lnorozwojowych z elementami sztuk walki w\u015br\u00f3d przedszkolak\u00f3w i dzieci klas I- III. Celem g\u0142\u00f3wnym programu jest wspomaganie og\u00f3lnego rozwoju oraz sprawno\u015bci umys\u0142owej i ruchowej dziecka, a tak\u017ce dzia\u0142ania profilaktyczne w zakresie wad postawy.<br \/>\nZaj\u0119cia odbywaj\u0105 si\u0119 na podstawie autorskiego programu, przygotowanego na bazie wiedzy zdobytej podczas studi\u00f3w oraz wielu szkole\u0144 metodycznych, a tak\u017ce do\u015bwiadczenia z wieloletniej pracy z dzie\u0107mi kadry pedagogicznej i sportowej. Program jest koordynowany przez Fundacj\u0119 Mali Wspaniali z Wroc\u0142awia, a same zaj\u0119cia w przedszkolach realizowane s\u0105 przez wykwalifikowan\u0105 kadr\u0119 instruktor\u00f3w sportowych (ponad 20), absolwent\u00f3w Akademii Wychowania Fizycznego, a nawet utytu\u0142owanych zawodnik\u00f3w karate i innych dyscyplin sportowych.<\/p>\n<p>&nbsp;<\/p>\n<h2>Rytmika<\/h2>\n<p>G\u0142\u00f3wnym zadaniem rytmiki u dzieci w wieku przedszkolnym jest wzbudzanie ciekawo\u015bci muzycznej, kt\u00f3ra z czasem przekszta\u0142ca si\u0119 w \u015bwiadome prze\u017cywanie muzyki np. poprzez \u015bpiew czy taniec.<br \/>\nRytmika jest technik\u0105 wychowania muzycznego, kt\u00f3ra kszta\u0142tuje kultur\u0119 muzyczn\u0105 i s\u0142uch dziecka. To r\u00f3\u017cnego rodzaju \u0107wiczenia muzyczno-ruchowe, wspieraj\u0105ce tak\u017ce rozw\u00f3j intelektualny, fizyczny, emocjonalny. Zaj\u0119cia rytmiczne ucz\u0105 koncentracji, poprawiaj\u0105 pami\u0119\u0107, zach\u0119caj\u0105 do aktywno\u015bci ruchowej, maj\u0105 korzystny wp\u0142yw na motoryk\u0119 i orientacj\u0119 przestrzenn\u0105 u dzieci. Daj\u0105 im tak\u017ce solidne podstawy do podj\u0119cia nauki w szkole, poniewa\u017c kszta\u0142tuj\u0105 umiej\u0119tno\u015bci j\u0119zykowe oraz matematyczne.<\/p>\n","protected":false},"excerpt":{"rendered":"<p>Mali Wspaniali Program\u00a0\u201eMali Wspaniali\u201d jest realizowany w szko\u0142ach i przedszkolach ju\u017c od ponad 5 lat i polega na prowadzeniu zaj\u0119\u0107 og\u00f3lnorozwojowych z elementami sztuk walki w\u015br\u00f3d przedszkolak\u00f3w i dzieci klas [&hellip;]<\/p>\n","protected":false},"author":7,"featured_media":0,"parent":0,"menu_order":0,"comment_status":"closed","ping_status":"closed","template":"","meta":{"footnotes":""},"class_list":["post-413","page","type-page","status-publish","hentry","clearfix"],"_links":{"self":[{"href":"https:\/\/przedszkole104.edu.wroclaw.pl\/index.php\/wp-json\/wp\/v2\/pages\/413","targetHints":{"allow":["GET"]}}],"collection":[{"href":"https:\/\/przedszkole104.edu.wroclaw.pl\/index.php\/wp-json\/wp\/v2\/pages"}],"about":[{"href":"https:\/\/przedszkole104.edu.wroclaw.pl\/index.php\/wp-json\/wp\/v2\/types\/page"}],"author":[{"embeddable":true,"href":"https:\/\/przedszkole104.edu.wroclaw.pl\/index.php\/wp-json\/wp\/v2\/users\/7"}],"replies":[{"embeddable":true,"href":"https:\/\/przedszkole104.edu.wroclaw.pl\/index.php\/wp-json\/wp\/v2\/comments?post=413"}],"version-history":[{"count":2,"href":"https:\/\/przedszkole104.edu.wroclaw.pl\/index.php\/wp-json\/wp\/v2\/pages\/413\/revisions"}],"predecessor-version":[{"id":1630,"href":"https:\/\/przedszkole104.edu.wroclaw.pl\/index.php\/wp-json\/wp\/v2\/pages\/413\/revisions\/1630"}],"wp:attachment":[{"href":"https:\/\/przedszkole104.edu.wroclaw.pl\/index.php\/wp-json\/wp\/v2\/media?parent=413"}],"curies":[{"name":"wp","href":"https:\/\/api.w.org\/{rel}","templated":true}]}}