
{"id":80,"date":"2022-03-08T13:07:29","date_gmt":"2022-03-08T12:07:29","guid":{"rendered":"https:\/\/przedszkole104.edu.wroclaw.pl\/?page_id=80"},"modified":"2024-06-27T06:23:31","modified_gmt":"2024-06-27T04:23:31","slug":"rodo","status":"publish","type":"page","link":"https:\/\/przedszkole104.edu.wroclaw.pl\/index.php\/rodo\/","title":{"rendered":"RODO"},"content":{"rendered":"<ul>\n<li><strong><a href=\"https:\/\/przedszkole104.edu.wroclaw.pl\/wp-content\/uploads\/sites\/72\/2024\/06\/Zal.-7.-Klauzula-zlozenie-pisma-w-placowce.pdf\" target=\"_blank\" rel=\"noopener\">KLAUZULA INFORMACYJNA \u2013 Z\u0141O\u017bENIE PISMA W PLAC\u00d3WCE<\/a><\/strong><\/li>\n<li><strong><a href=\"https:\/\/przedszkole104.edu.wroclaw.pl\/wp-content\/uploads\/sites\/72\/2024\/06\/Zal.-7b.-Klauzula-postepowanie-administracyjne.pdf\" target=\"_blank\" rel=\"noopener\">KLAUZULA INFORMACYJNA \u2013 POST\u0118POWANIE ADMINISTRACYJNE<\/a><\/strong><\/li>\n<li><strong><a href=\"https:\/\/przedszkole104.edu.wroclaw.pl\/wp-content\/uploads\/sites\/72\/2024\/06\/Zal.-7c.-Klauzula-korespondencja-elektroniczna.pdf\" target=\"_blank\" rel=\"noopener\">KLAUZULA INFORMACYJNA \u2013 KORESPONDENCJA ELEKTRONICZNA<\/a><\/strong><\/li>\n<li><strong><a href=\"https:\/\/przedszkole104.edu.wroclaw.pl\/wp-content\/uploads\/sites\/72\/2024\/06\/Zal.-7e.-Klauzula-umowa.pdf\" target=\"_blank\" rel=\"noopener\">KLAUZULA INFORMACYJNA \u2013 ZAWARCIE UMOWY<\/a><\/strong><\/li>\n<li><strong><a href=\"https:\/\/przedszkole104.edu.wroclaw.pl\/wp-content\/uploads\/sites\/72\/2024\/06\/Zal.-7f.-Klauzula-zamowienia-publiczne.pdf\" target=\"_blank\" rel=\"noopener\">KLAUZULA INFORMACYJNA \u2013 POST\u0118POWANIE O UDZIELENIE ZAM\u00d3WIENIA PUBLICZNEGO<\/a><\/strong><\/li>\n<li><strong><a href=\"https:\/\/przedszkole104.edu.wroclaw.pl\/wp-content\/uploads\/sites\/72\/2024\/06\/Zal.-7g.-Klauzula-umowa-najmu.pdf\" target=\"_blank\" rel=\"noopener\">KLAUZULA INFORMACYJNA \u2013 UMOWA NAJMU<\/a><\/strong><\/li>\n<li><strong><a href=\"https:\/\/przedszkole104.edu.wroclaw.pl\/wp-content\/uploads\/sites\/72\/2024\/06\/Zal.-7h.-Kauzula-wolontariusz.pdf\" target=\"_blank\" rel=\"noopener\">KLAUZULA INFORMACYJNA \u2013 WOLONTARIAT<\/a><\/strong><\/li>\n<li><strong><a href=\"https:\/\/przedszkole104.edu.wroclaw.pl\/wp-content\/uploads\/sites\/72\/2024\/06\/Zal.-7i.-Klauzula-rekrutacja-pracownika.pdf\" target=\"_blank\" rel=\"noopener\">KLAUZULA INFORMACYJNA \u2013 REKRUTACJA PRACOWNIKA<\/a><\/strong><\/li>\n<li><strong><a href=\"https:\/\/przedszkole104.edu.wroclaw.pl\/wp-content\/uploads\/sites\/72\/2024\/06\/Zal.-7j.-Klauzula-pracownik-nauczyciel.pdf\" target=\"_blank\" rel=\"noopener\">KLAUZULA INFORMACYJNA ZATRUDNIENIE \u2013 NAUCZYCIEL<\/a><\/strong><\/li>\n<li><strong><a href=\"https:\/\/przedszkole104.edu.wroclaw.pl\/wp-content\/uploads\/sites\/72\/2024\/06\/Zal.-7k.-Klauzula-pracownik-samorzadowy.pdf\" target=\"_blank\" rel=\"noopener\">KLAUZULA INFORMACYJNA \u2013 PRACOWNIK SAMORZ\u0104DOWY<\/a><\/strong><\/li>\n<li><strong><a href=\"https:\/\/przedszkole104.edu.wroclaw.pl\/wp-content\/uploads\/sites\/72\/2024\/06\/Zal.-7l.-Klauzula-edukacja-dziecka-w-placowce.pdf\" target=\"_blank\" rel=\"noopener\">KLAUZULA INFORMACYJNA \u2013 EDUKACJA DZIECKA W PLAC\u00d3WCE<\/a><\/strong><\/li>\n<li><strong><a href=\"https:\/\/przedszkole104.edu.wroclaw.pl\/wp-content\/uploads\/sites\/72\/2024\/06\/Zal.-7m.-Klauzula-opiekun-wycieczki.pdf\" target=\"_blank\" rel=\"noopener\">KLAUZULA INFORMACYJNA \u2013 OPIEKUN WYCIECZKI<\/a><\/strong><\/li>\n<li><strong><a href=\"https:\/\/przedszkole104.edu.wroclaw.pl\/wp-content\/uploads\/sites\/72\/2024\/06\/Zal.-7o-Klauzula-praca-spolecznie-uzyteczna.pdf\" target=\"_blank\" rel=\"noopener\">KLAUZULA INFORMACYJNA \u2013 PRACA SPO\u0141ECZNIE U\u017bYTECZNA<\/a><\/strong><\/li>\n<li><strong><a href=\"https:\/\/przedszkole104.edu.wroclaw.pl\/wp-content\/uploads\/sites\/72\/2024\/06\/Zal.-7n.-Klauzula-przyjecie-dziecka-w-ramach-dyzuru-wakacyjnego.pdf\" target=\"_blank\" rel=\"noopener\">KLAUZULA INFORMACYJNA \u2013PRZYJ\u0118CIE DZIECKA W RAMACH DY\u017bURU WAKACYJNEGO<\/a><\/strong><\/li>\n<li><strong><a href=\"https:\/\/przedszkole104.edu.wroclaw.pl\/wp-content\/uploads\/sites\/72\/2024\/06\/Zal.-7p.-Klauzula-ZFSS.pdf\" target=\"_blank\" rel=\"noopener\">KLAUZULA INFORMACYJNA \u2013 ZAK\u0141ADOWY FUNDUSZ \u015aWIADCZE\u0143 SOCJALNYCH<\/a><\/strong><\/li>\n<li><strong><a href=\"https:\/\/przedszkole104.edu.wroclaw.pl\/wp-content\/uploads\/sites\/72\/2024\/06\/Zal.-7q.-Klauzula-praktykanci.pdf\" target=\"_blank\" rel=\"noopener\">KLAUZULA INFORMACYJNA \u2013 PRAKTYKANT<\/a><\/strong><\/li>\n<li><strong><a href=\"https:\/\/przedszkole104.edu.wroclaw.pl\/wp-content\/uploads\/sites\/72\/2024\/06\/Zal.-7r.-Klauzula-Fundusz-Zdrowotny.pdf\" target=\"_blank\" rel=\"noopener\">KLAUZULA INFORMACYJNA \u2013 FUNDUSZ ZDROWOTNY<\/a><\/strong><\/li>\n<li><strong><a href=\"https:\/\/przedszkole104.edu.wroclaw.pl\/wp-content\/uploads\/sites\/72\/2024\/06\/Zal.-7s.-Klauzula-dla-osob-upowaznionych-do-odbioru-dziecka-z-przedszkola.pdf\" target=\"_blank\" rel=\"noopener\">KLAUZULA INFORMACYJNA \u2013 DLA OS\u00d3B UPOWA\u017bNIONYCH DO ODBIORU DZIECKA Z PRZEDSZKOLA<\/a><\/strong><\/li>\n<li><strong><a href=\"https:\/\/przedszkole104.edu.wroclaw.pl\/wp-content\/uploads\/sites\/72\/2024\/06\/Zal.-7u.-Klauzula-PPK.pdf\" target=\"_blank\" rel=\"noopener\">KLAUZULA INFORMACYJNA \u2013 PRACOWNICZE PLANY KAPITA\u0141OWE PPK<\/a><\/strong><\/li>\n<li><strong><a href=\"https:\/\/przedszkole104.edu.wroclaw.pl\/wp-content\/uploads\/sites\/72\/2024\/06\/Zal.-7v.-Klauzula-osoba-zglaszajaca-osoba-pomagajaca-i-powiazana-ze-zglaszajacym-1.pdf\" target=\"_blank\" rel=\"noopener\">KLAUZULA INFORMACYJNA \u2013 DZIA\u0141ANIA NAST\u0118PCZE W ZWI\u0104ZKU ZE ZG\u0141OSZONYM POTENCJALNYM NARUSZENIEM PRAWA \u2013 OSOBA ZG\u0141ASZAJ\u0104CA<\/a><\/strong><\/li>\n<li><strong><a href=\"https:\/\/przedszkole104.edu.wroclaw.pl\/wp-content\/uploads\/sites\/72\/2024\/06\/Zal.-7w.-Klauzula-osoba-ktorej-dotyczy-naruszenie-1.pdf\" target=\"_blank\" rel=\"noopener\">KLAUZULA INFORMACYJNA \u2013 DZIA\u0141ANIA NAST\u0118PCZE W ZWI\u0104ZKU ZE ZG\u0141OSZONYM POTENCJALNYM NARUSZENIEM PRAWA -OSOBA KT\u00d3REJ DOTYCZY NARUSZENIE<\/a><\/strong><\/li>\n<li><strong><a href=\"https:\/\/przedszkole104.edu.wroclaw.pl\/wp-content\/uploads\/sites\/72\/2024\/06\/Zal.-7x.-Klauzula-swiadek-i-osoby-trzecie-1.pdf\" target=\"_blank\" rel=\"noopener\">KLAUZULA INFORMACYJNA \u2013 DZIA\u0141ANIA NAST\u0118PCZE W ZWI\u0104ZKU ZE ZG\u0141OSZONYM POTENCJALNYM \u2013 \u015aWIADEK I OSOBY TRZECIE NARUSZENIEM PRAWA<\/a><\/strong><\/li>\n<li><strong><a href=\"https:\/\/przedszkole104.edu.wroclaw.pl\/wp-content\/uploads\/sites\/72\/2024\/06\/Zal.-7d.-Klauzula-strona-www.pdf\" target=\"_blank\" rel=\"noopener\">KLAUZULA INFORMACYJNA \u2013 KORZYSTANIE ZE STRONY INTERNETOWEJ\u00a0 https:\/\/przedszkole104.edu.wroclaw.pl\/<\/a><\/strong><\/li>\n<\/ul>\n<div class=\"wpb_text_column wpb_content_element \">\n<div class=\"wpb_wrapper\">\n<h1><span style=\"color: #339966\">Inspektor ochrony danych:<\/span><\/h1>\n<p>Tomasz Grzybowski<\/p>\n<\/div>\n<\/div>\n<div id=\"cms-fancy-box-4\" class=\"cms-fancyboxes-wraper template-cms_fancybox content-align-default \">\n<div class=\"row cms-fancyboxes-body\">\n<div class=\"\">\n<h3>Adres:<\/h3>\n<p>ul. Stary Rynek 80\/82<br \/>\n61-772 Pozna\u0144<\/p>\n<\/div>\n<\/div>\n<\/div>\n<div id=\"cms-fancy-box-5\" class=\"cms-fancyboxes-wraper template-cms_fancybox content-align-default \">\n<div class=\"row cms-fancyboxes-body\">\n<div class=\"\">\n<h3>Telefon<\/h3>\n<div class=\"fancy-box-content\">\n<div class=\"wpb_wrapper\">\n<p>+48 501 083 482<\/p>\n<\/div>\n<\/div>\n<\/div>\n<\/div>\n<\/div>\n<div id=\"cms-fancy-box-6\" class=\"cms-fancyboxes-wraper template-cms_fancybox content-align-default \">\n<div class=\"row cms-fancyboxes-body\">\n<div class=\"\">\n<h3>E-mail<\/h3>\n<\/div>\n<\/div>\n<\/div>\n<div class=\"wpb_text_column wpb_content_element \">\n<div class=\"wpb_wrapper\">\n<p>inspektor@coreconsulting.pl<\/p>\n<\/div>\n<\/div>\n","protected":false},"excerpt":{"rendered":"<p>KLAUZULA INFORMACYJNA \u2013 Z\u0141O\u017bENIE PISMA W PLAC\u00d3WCE KLAUZULA INFORMACYJNA \u2013 POST\u0118POWANIE ADMINISTRACYJNE KLAUZULA INFORMACYJNA \u2013 KORESPONDENCJA ELEKTRONICZNA KLAUZULA INFORMACYJNA \u2013 ZAWARCIE UMOWY KLAUZULA INFORMACYJNA \u2013 POST\u0118POWANIE O UDZIELENIE ZAM\u00d3WIENIA PUBLICZNEGO [&hellip;]<\/p>\n","protected":false},"author":7,"featured_media":0,"parent":0,"menu_order":0,"comment_status":"closed","ping_status":"closed","template":"","meta":{"footnotes":""},"class_list":["post-80","page","type-page","status-publish","hentry","clearfix"],"_links":{"self":[{"href":"https:\/\/przedszkole104.edu.wroclaw.pl\/index.php\/wp-json\/wp\/v2\/pages\/80","targetHints":{"allow":["GET"]}}],"collection":[{"href":"https:\/\/przedszkole104.edu.wroclaw.pl\/index.php\/wp-json\/wp\/v2\/pages"}],"about":[{"href":"https:\/\/przedszkole104.edu.wroclaw.pl\/index.php\/wp-json\/wp\/v2\/types\/page"}],"author":[{"embeddable":true,"href":"https:\/\/przedszkole104.edu.wroclaw.pl\/index.php\/wp-json\/wp\/v2\/users\/7"}],"replies":[{"embeddable":true,"href":"https:\/\/przedszkole104.edu.wroclaw.pl\/index.php\/wp-json\/wp\/v2\/comments?post=80"}],"version-history":[{"count":12,"href":"https:\/\/przedszkole104.edu.wroclaw.pl\/index.php\/wp-json\/wp\/v2\/pages\/80\/revisions"}],"predecessor-version":[{"id":10850,"href":"https:\/\/przedszkole104.edu.wroclaw.pl\/index.php\/wp-json\/wp\/v2\/pages\/80\/revisions\/10850"}],"wp:attachment":[{"href":"https:\/\/przedszkole104.edu.wroclaw.pl\/index.php\/wp-json\/wp\/v2\/media?parent=80"}],"curies":[{"name":"wp","href":"https:\/\/api.w.org\/{rel}","templated":true}]}}