
{"id":99,"date":"2022-03-17T11:49:49","date_gmt":"2022-03-17T10:49:49","guid":{"rendered":"https:\/\/przedszkole104.edu.wroclaw.pl\/?page_id=99"},"modified":"2026-01-29T11:55:03","modified_gmt":"2026-01-29T10:55:03","slug":"rekrutacja","status":"publish","type":"page","link":"https:\/\/przedszkole104.edu.wroclaw.pl\/index.php\/rekrutacja\/","title":{"rendered":"Rekrutacja"},"content":{"rendered":"<div class=\"wpb-content-wrapper\"><p>[vc_row][vc_column width=&#8221;2\/3&#8243;][vc_column_text css=&#8221;&#8221;]<\/p>\n<section class=\"elementor-section elementor-top-section elementor-element elementor-element-95a1056 elementor-section-boxed elementor-section-height-default elementor-section-height-default\" data-id=\"95a1056\" data-element_type=\"section\">\n<div class=\"elementor-container elementor-column-gap-default\">\n<div class=\"elementor-column elementor-col-100 elementor-top-column elementor-element elementor-element-e860a1b\" data-id=\"e860a1b\" data-element_type=\"column\">\n<h2 style=\"text-align: center\"><span style=\"color: #0000ff;font-size: 28px\"><strong>REKRUTACJA NA ROK SZKOLNY 2026\/2027<\/strong><\/span><\/h2>\n<h3 style=\"text-align: center\">Rekrutacja do przedszkoli prowadzona jest w systemie elektronicznym poprzez stron\u0119<br \/>\n<a href=\"http:\/\/rekrutacje.edu.wroclaw.pl\" target=\"_blank\" rel=\"noopener\">rekrutacje.edu.wroclaw.pl<\/a><\/h3>\n<p style=\"text-align: center\">W przypadku braku mo\u017cliwo\u015bci skorzystania z systemu elektronicznego istnieje mo\u017cliwo\u015b\u0107 z\u0142o\u017cenia wniosku wraz z za\u0142\u0105cznikami bezpo\u015brednio w plac\u00f3wce pierwszego wyboru.<\/p>\n<div class=\"elementor-widget-wrap elementor-element-populated\">\n<div class=\"elementor-element elementor-element-c4af797 elementor-widget elementor-widget-text-editor\" data-id=\"c4af797\" data-element_type=\"widget\" data-widget_type=\"text-editor.default\">\n<p style=\"text-align: center\"><span style=\"font-size: 28px\"><strong>MATERIA\u0141Y INFORMACYJNE<\/strong><\/span><\/p>\n<ol>\n<li><a href=\"https:\/\/przedszkole104.edu.wroclaw.pl\/wp-content\/uploads\/sites\/72\/2026\/01\/BIULETYN-INFORMACYJNY.pdf\" target=\"_blank\" rel=\"noopener\">BIULETYN INFORMACYJNY<\/a><\/li>\n<li><a href=\"https:\/\/przedszkole104.edu.wroclaw.pl\/wp-content\/uploads\/sites\/72\/2026\/01\/KOMUNIKAT.docx\" target=\"_blank\" rel=\"noopener\">KOMUNIKAT<\/a><\/li>\n<li><a href=\"https:\/\/przedszkole104.edu.wroclaw.pl\/wp-content\/uploads\/sites\/72\/2026\/01\/HARMONOGRAM-DLA-RODZICOW-ETAP-PODSTAWOWY.docx\" target=\"_blank\" rel=\"noopener\">HARMONOGRAM REKRUTACJI<\/a><\/li>\n<li><a href=\"https:\/\/przedszkole104.edu.wroclaw.pl\/wp-content\/uploads\/sites\/72\/2026\/01\/HARMONOGRAM-DLA-RODZICOW-ETAP-UZUPELNIAJACY.docx\" target=\"_blank\" rel=\"noopener\">HARMONOGRAM REKRUTACJI UZUPE\u0141NIAJ\u0104CEJ<\/a><\/li>\n<li><a href=\"https:\/\/przedszkole104.edu.wroclaw.pl\/wp-content\/uploads\/sites\/72\/2026\/01\/INFORMACJE-OGOLNE.docx\" target=\"_blank\" rel=\"noopener\">INFORMACJE OG\u00d3LNE<\/a><\/li>\n<li><a href=\"https:\/\/przedszkole104.edu.wroclaw.pl\/wp-content\/uploads\/sites\/72\/2026\/01\/KONTYNUACJA.docx\" target=\"_blank\" rel=\"noopener\">KONTYNUACJA<\/a><\/li>\n<li><a href=\"https:\/\/przedszkole104.edu.wroclaw.pl\/wp-content\/uploads\/sites\/72\/2026\/01\/KRYTERIA-.docx\" target=\"_blank\" rel=\"noopener\">KRYTERIA<\/a><\/li>\n<li><a href=\"https:\/\/przedszkole104.edu.wroclaw.pl\/wp-content\/uploads\/sites\/72\/2026\/01\/PODSTAWY-PRAWNE.docx\" target=\"_blank\" rel=\"noopener\">PODSTAWY PRAWNE<\/a><\/li>\n<li><a href=\"https:\/\/przedszkole104.edu.wroclaw.pl\/wp-content\/uploads\/sites\/72\/2026\/01\/UDZIAL-W-REKRUTACJI.docx\" target=\"_blank\" rel=\"noopener\">UDZIA\u0141 W REKRUTACJI<\/a><\/li>\n<li><a href=\"https:\/\/przedszkole104.edu.wroclaw.pl\/wp-content\/uploads\/sites\/72\/2026\/01\/DZIECI-O-SPECJALNYCH-POTRZEBACH.docx\" target=\"_blank\" rel=\"noopener\">DZIECI O SPECJALNYCH POTRZEBACH<\/a><\/li>\n<li><a href=\"https:\/\/przedszkole104.edu.wroclaw.pl\/wp-content\/uploads\/sites\/72\/2026\/01\/WSPARCIE-TECHNICZNE.docx\" target=\"_blank\" rel=\"noopener\">WSPARCIE TECHNICZNE<\/a><\/li>\n<li><a href=\"https:\/\/przedszkole104.edu.wroclaw.pl\/wp-content\/uploads\/sites\/72\/2026\/01\/SAMOTNE-WYCHOWANIE.docx\" target=\"_blank\" rel=\"noopener\">SAMOTNE WYCHOWANIE<\/a><\/li>\n<li><a href=\"https:\/\/przedszkole104.edu.wroclaw.pl\/wp-content\/uploads\/sites\/72\/2026\/01\/ODWOLANIA.docx\" target=\"_blank\" rel=\"noopener\">ODWO\u0141ANIA<\/a><\/li>\n<li><a href=\"https:\/\/przedszkole104.edu.wroclaw.pl\/wp-content\/uploads\/sites\/72\/2026\/01\/DOCHOD.docx\" target=\"_blank\" rel=\"noopener\">DOCH\u00d3D<\/a><\/li>\n<\/ol>\n<\/div>\n<\/div>\n<\/div>\n<\/div>\n<\/section>\n<p>[\/vc_column_text][\/vc_column][vc_column width=&#8221;1\/3&#8243;][vc_column_text][\/vc_column_text][vc_column_text][\/vc_column_text][vc_btn title=&#8221;Zapraszamy do przedszkola nr 104 &#8222;Na Misiowej Polanie&#8222; FILM&#8221; color=&#8221;green&#8221; link=&#8221;url:https%3A%2F%2Fdrive.google.com%2Ffile%2Fd%2F1Tb9WicEaroSHMA7gM8un4S-gPa0BuLQf%2Fview|target:_blank&#8221;][vc_btn title=&#8221;Wirtualny spacer po przedszkolu&#8221; color=&#8221;purple&#8221; link=&#8221;url:https%3A%2F%2Fview.genial.ly%2F603645376a0aaa0d91a2e0d9%2Fdossier-sales-p-104%20_blank|target:_blank&#8221;][vc_column_text]<img loading=\"lazy\" decoding=\"async\" class=\"alignnone size-medium wp-image-10433 aligncenter\" src=\"https:\/\/przedszkole104.edu.wroclaw.pl\/wp-content\/uploads\/sites\/72\/2024\/05\/usmiechniete-dzieci-w-przedszkolu-clipart-1-e1615984929895-300x153.png\" alt=\"\" width=\"300\" height=\"153\" \/>[\/vc_column_text][\/vc_column][\/vc_row][vc_row][vc_column][\/vc_column][\/vc_row]<\/p>\n<\/div>","protected":false},"excerpt":{"rendered":"<p>[vc_row][vc_column width=&#8221;2\/3&#8243;][vc_column_text css=&#8221;&#8221;] REKRUTACJA NA ROK SZKOLNY 2026\/2027 Rekrutacja do przedszkoli prowadzona jest w systemie elektronicznym poprzez stron\u0119 rekrutacje.edu.wroclaw.pl W przypadku braku mo\u017cliwo\u015bci skorzystania z systemu elektronicznego istnieje mo\u017cliwo\u015b\u0107 z\u0142o\u017cenia [&hellip;]<\/p>\n","protected":false},"author":7,"featured_media":0,"parent":0,"menu_order":0,"comment_status":"closed","ping_status":"closed","template":"","meta":{"footnotes":""},"class_list":["post-99","page","type-page","status-publish","hentry","clearfix"],"_links":{"self":[{"href":"https:\/\/przedszkole104.edu.wroclaw.pl\/index.php\/wp-json\/wp\/v2\/pages\/99","targetHints":{"allow":["GET"]}}],"collection":[{"href":"https:\/\/przedszkole104.edu.wroclaw.pl\/index.php\/wp-json\/wp\/v2\/pages"}],"about":[{"href":"https:\/\/przedszkole104.edu.wroclaw.pl\/index.php\/wp-json\/wp\/v2\/types\/page"}],"author":[{"embeddable":true,"href":"https:\/\/przedszkole104.edu.wroclaw.pl\/index.php\/wp-json\/wp\/v2\/users\/7"}],"replies":[{"embeddable":true,"href":"https:\/\/przedszkole104.edu.wroclaw.pl\/index.php\/wp-json\/wp\/v2\/comments?post=99"}],"version-history":[{"count":36,"href":"https:\/\/przedszkole104.edu.wroclaw.pl\/index.php\/wp-json\/wp\/v2\/pages\/99\/revisions"}],"predecessor-version":[{"id":15224,"href":"https:\/\/przedszkole104.edu.wroclaw.pl\/index.php\/wp-json\/wp\/v2\/pages\/99\/revisions\/15224"}],"wp:attachment":[{"href":"https:\/\/przedszkole104.edu.wroclaw.pl\/index.php\/wp-json\/wp\/v2\/media?parent=99"}],"curies":[{"name":"wp","href":"https:\/\/api.w.org\/{rel}","templated":true}]}}